{"id":2,"date":"2025-03-05T17:39:13","date_gmt":"2025-03-05T17:39:13","guid":{"rendered":"https:\/\/mejordiaparapublicar.com\/?page_id=2"},"modified":"2025-11-15T19:42:14","modified_gmt":"2025-11-15T19:42:14","slug":"sample-page","status":"publish","type":"page","link":"https:\/\/mejordiaparapublicar.com\/?page_id=2","title":{"rendered":"El \u00abMisterio del Guacamole\u00bb o el CSI de tu web"},"content":{"rendered":"\n<p>Lanzar una campa\u00f1a digital sin anal\u00edtica es como organizar la fiesta m\u00e1s grande del a\u00f1o y pas\u00e1rtela entera encerrado en el ba\u00f1o.<\/p>\n\n\n\n<p>Llega la ma\u00f1ana siguiente. Sales. La casa est\u00e1 patas arriba. Hay confeti por todas partes, la l\u00e1mpara del sal\u00f3n se balancea de forma sospechosa y el bol gigante de guacamole est\u00e1&#8230; vac\u00edo.<\/p>\n\n\n\n<div class=\"wp-block-buttons is-layout-flex wp-block-buttons-is-layout-flex\">\n<div class=\"wp-block-button\"><a class=\"wp-block-button__link wp-element-button\" href=\"https:\/\/mejordiaparapublicar.com\/\" target=\"_blank\" rel=\"noreferrer noopener\">Bot\u00f3n 1<\/a><\/div>\n\n\n\n<div class=\"wp-block-button\"><a class=\"wp-block-button__link wp-element-button\" href=\"https:\/\/mejordiaparapublicar.com\/\" target=\"_blank\" rel=\"noreferrer noopener\">Bot\u00f3n 2<\/a><\/div>\n\n\n\n<div class=\"wp-block-button\"><a class=\"wp-block-button__link wp-element-button\" href=\"https:\/\/mejordiaparapublicar.com\/\" target=\"_blank\" rel=\"noreferrer noopener\">Bot\u00f3n 3<\/a><\/div>\n\n\n\n<div class=\"wp-block-button\"><a class=\"wp-block-button__link wp-element-button\" href=\"https:\/\/mejordiaparapublicar.com\/\" target=\"_blank\" rel=\"noreferrer noopener\">Bot\u00f3n 4<\/a><\/div>\n<\/div>\n\n\n\n<p>Tu primera reacci\u00f3n es: \u00ab\u00a1Qu\u00e9 \u00e9xito! \u00a1Brutal! \u00a1La mejor fiesta de la historia! \u00a1Se comieron todo el guacamole!\u00bb<\/p>\n\n\n\n<p>Te sientes un genio del marketing de fiestas. Pero entonces, tu socio (el que s\u00ed sabe de anal\u00edtica) llega con una carpeta y te dice: \u00abSi\u00e9ntate. Tenemos que hablar\u00bb.<\/p>\n\n\n\n<p>\u00c9l no se basa en el \u00ab\u00e9xito del guacamole\u00bb. \u00c9l ha estado revisando las \u00abc\u00e1maras de seguridad\u00bb (la anal\u00edtica).<\/p>\n\n\n\n<blockquote class=\"wp-block-quote is-layout-flow wp-block-quote-is-layout-flow\">\n<p>\u00abVer\u00e1s\u00bb, te dice, \u00abresulta que las 1.000 invitaciones que enviaste por correo (tu campa\u00f1a de SEM) se las comi\u00f3 el cartero. Nadie las vio\u00bb.<\/p>\n\n\n\n<p>\u00abEl 90% de la gente que vino (tr\u00e1fico) fue porque vieron tu luz de ne\u00f3n parpadeante desde la calle (SEO org\u00e1nico por una palabra clave aleatoria), entraron, dijeron &#8216;Uy, qu\u00e9 ruido&#8217; (tasa de rebote) y se fueron en menos de 10 segundos\u00bb.<\/p>\n\n\n\n<p>\u00abSolo se quedaron tres personas. Y no tocaron ni el ponche, ni los nachos, ni la m\u00fasica (tus productos estrella). Se pasaron dos horas en la esquina intentando descifrar c\u00f3mo funcionaba la cafetera nueva (una p\u00e1gina de &#8216;ayuda&#8217; que no ayudaba a nadie)\u00bb.<\/p>\n\n\n\n<p>\u00ab\u00bfY el guacamole? No se lo comieron los invitados. Se te cay\u00f3 el bol entero al suelo a las 9 PM y se lo comi\u00f3 tu perro. De hecho, el perro &#8216;Botones&#8217; es tu usuario m\u00e1s fiel: tiene un tiempo de permanencia alt\u00edsimo en la &#8216;zona guacamole&#8217; y una tasa de conversi\u00f3n del 100%\u00bb.<\/p>\n<\/blockquote>\n\n\n\n<p>Moraleja: La anal\u00edtica digital es tu CSI. Es lo que te impide montar otra fiesta car\u00edsima pensando que tu \u00e9xito fue el guacamole, cuando en realidad tu \u00fanico cliente satisfecho fue el perro. Te dice qu\u00e9 luces de ne\u00f3n apagar, c\u00f3mo arreglar la cafetera y, sobre todo, que pongas el guacamole fuera del alcance de &#8216;Botones&#8217;.<\/p>\n\n\n\n<div style=\"height:100px\" aria-hidden=\"true\" class=\"wp-block-spacer\"><\/div>\n\n\n\n<h2 class=\"wp-block-heading\">V\u00eddeo<\/h2>\n\n\n\n<figure class=\"wp-block-embed is-type-video is-provider-youtube wp-block-embed-youtube wp-embed-aspect-16-9 wp-has-aspect-ratio\"><div class=\"wp-block-embed__wrapper\">\n<iframe loading=\"lazy\" title=\"Google Tag Manager tutorial for beginners 2025 || GTM Course\" width=\"500\" height=\"281\" src=\"https:\/\/www.youtube.com\/embed\/JeFPvUehQ-E?feature=oembed\" frameborder=\"0\" allow=\"accelerometer; autoplay; clipboard-write; encrypted-media; gyroscope; picture-in-picture; web-share\" referrerpolicy=\"strict-origin-when-cross-origin\" allowfullscreen><\/iframe>\n<\/div><\/figure>\n\n\n\n<div style=\"height:100px\" aria-hidden=\"true\" class=\"wp-block-spacer\"><\/div>\n\n\n\n<div class=\"wp-block-buttons is-content-justification-center is-layout-flex wp-container-core-buttons-is-layout-a89b3969 wp-block-buttons-is-layout-flex\">\n<div class=\"wp-block-button\"><a class=\"wp-block-button__link wp-element-button\" href=\"https:\/\/mejordiaparapublicar.com\/\" target=\"_blank\" rel=\"noreferrer noopener\">Bot\u00f3n clave<\/a><\/div>\n<\/div>\n\n\n\n<div style=\"height:100px\" aria-hidden=\"true\" class=\"wp-block-spacer\"><\/div>\n\n\n\n<h2 class=\"wp-block-heading\">Formulario<\/h2>\n\n\n\t<div id=\"respond\" class=\"comment-respond wp-block-post-comments-form\">\n\t\t<h3 id=\"reply-title\" class=\"comment-reply-title\">Deja una respuesta <small><a rel=\"nofollow\" id=\"cancel-comment-reply-link\" href=\"\/index.php?rest_route=%2Fwp%2Fv2%2Fpages%2F2#respond\" style=\"display:none;\">Cancelar la respuesta<\/a><\/small><\/h3><form action=\"https:\/\/mejordiaparapublicar.com\/wp-comments-post.php\" method=\"post\" id=\"commentform\" class=\"comment-form\"><p class=\"comment-notes\"><span id=\"email-notes\">Tu direcci\u00f3n de correo electr\u00f3nico no ser\u00e1 publicada.<\/span> <span class=\"required-field-message\">Los campos obligatorios est\u00e1n marcados con <span class=\"required\">*<\/span><\/span><\/p><p class=\"comment-form-comment\"><label for=\"comment\">Comentario <span class=\"required\">*<\/span><\/label> <textarea id=\"comment\" name=\"comment\" cols=\"45\" rows=\"8\" maxlength=\"65525\" required><\/textarea><\/p><p class=\"comment-form-author\"><label for=\"author\">Nombre <span class=\"required\">*<\/span><\/label> <input id=\"author\" name=\"author\" type=\"text\" value=\"\" size=\"30\" maxlength=\"245\" autocomplete=\"name\" required \/><\/p>\n<p class=\"comment-form-email\"><label for=\"email\">Correo electr\u00f3nico <span class=\"required\">*<\/span><\/label> <input id=\"email\" name=\"email\" type=\"email\" value=\"\" size=\"30\" maxlength=\"100\" aria-describedby=\"email-notes\" autocomplete=\"email\" required \/><\/p>\n<p class=\"comment-form-url\"><label for=\"url\">Web<\/label> <input id=\"url\" name=\"url\" type=\"url\" value=\"\" size=\"30\" maxlength=\"200\" autocomplete=\"url\" \/><\/p>\n<p class=\"comment-form-cookies-consent\"><input id=\"wp-comment-cookies-consent\" name=\"wp-comment-cookies-consent\" type=\"checkbox\" value=\"yes\" \/> <label for=\"wp-comment-cookies-consent\">Guarda mi nombre, correo electr\u00f3nico y web en este navegador para la pr\u00f3xima vez que comente.<\/label><\/p>\n<p class=\"form-submit wp-block-button\"><input name=\"submit\" type=\"submit\" id=\"submit\" class=\"wp-block-button__link wp-element-button\" value=\"Publicar el comentario\" \/> <input type='hidden' name='comment_post_ID' value='2' id='comment_post_ID' \/>\n<input type='hidden' name='comment_parent' id='comment_parent' value='0' \/>\n<\/p><\/form>\t<\/div><!-- #respond -->\n\t","protected":false},"excerpt":{"rendered":"<p>Lanzar una campa\u00f1a digital sin anal\u00edtica es como organizar la fiesta m\u00e1s grande del a\u00f1o y pas\u00e1rtela entera encerrado en el ba\u00f1o. Llega la ma\u00f1ana siguiente. Sales. La casa est\u00e1 patas arriba. Hay confeti por todas partes, la l\u00e1mpara del sal\u00f3n se balancea de forma sospechosa y el bol gigante de guacamole est\u00e1&#8230; vac\u00edo. Tu [&hellip;]<\/p>\n","protected":false},"author":1,"featured_media":0,"parent":0,"menu_order":0,"comment_status":"open","ping_status":"closed","template":"","meta":{"footnotes":""},"class_list":["post-2","page","type-page","status-publish","hentry"],"_links":{"self":[{"href":"https:\/\/mejordiaparapublicar.com\/index.php?rest_route=\/wp\/v2\/pages\/2","targetHints":{"allow":["GET"]}}],"collection":[{"href":"https:\/\/mejordiaparapublicar.com\/index.php?rest_route=\/wp\/v2\/pages"}],"about":[{"href":"https:\/\/mejordiaparapublicar.com\/index.php?rest_route=\/wp\/v2\/types\/page"}],"author":[{"embeddable":true,"href":"https:\/\/mejordiaparapublicar.com\/index.php?rest_route=\/wp\/v2\/users\/1"}],"replies":[{"embeddable":true,"href":"https:\/\/mejordiaparapublicar.com\/index.php?rest_route=%2Fwp%2Fv2%2Fcomments&post=2"}],"version-history":[{"count":8,"href":"https:\/\/mejordiaparapublicar.com\/index.php?rest_route=\/wp\/v2\/pages\/2\/revisions"}],"predecessor-version":[{"id":36,"href":"https:\/\/mejordiaparapublicar.com\/index.php?rest_route=\/wp\/v2\/pages\/2\/revisions\/36"}],"wp:attachment":[{"href":"https:\/\/mejordiaparapublicar.com\/index.php?rest_route=%2Fwp%2Fv2%2Fmedia&parent=2"}],"curies":[{"name":"wp","href":"https:\/\/api.w.org\/{rel}","templated":true}]}}